{"id":2,"date":"2013-06-11T15:35:36","date_gmt":"2013-06-11T19:35:36","guid":{"rendered":"http:\/\/ironband.dev\/?page_id=2"},"modified":"2025-08-10T12:17:26","modified_gmt":"2025-08-10T10:17:26","slug":"home","status":"publish","type":"page","link":"https:\/\/javierllanesguitar.com\/Clasico\/","title":{"rendered":"Inicio"},"content":{"rendered":"<p>[vc_row iron_row_type=\u00bbfull_width\u00bb iron_remove_padding_medium=\u00bb\u00bb iron_remove_padding_small=\u00bb\u00bb iron_overlay_pattern=\u00bb\u00bb iron_parallax=\u00bb\u00bb iron_bg_video=\u00bb\u00bb iron_bg_repeat=\u00bbrepeat-y\u00bb iron_text_scheme=\u00bblighter-overlay\u00bb][vc_column][vc_column_text]Javier Llanes[\/vc_column_text][\/vc_column][\/vc_row][vc_section][vc_row iron_row_type=\u00bbfull_width\u00bb iron_remove_padding_medium=\u00bb\u00bb iron_remove_padding_small=\u00bb\u00bb iron_overlay_pattern=\u00bb\u00bb iron_parallax=\u00bbparallax\u00bb iron_bg_video=\u00bb\u00bb css=\u00bb.vc_custom_1598280434506{margin-top: 0px !important;padding-top: 150px !important;padding-bottom: 150px !important;background-image: url(https:\/\/javierllanesguitar.com\/Clasico\/wp-content\/uploads\/2020\/05\/parallax_audio3.png?id=2114) !important;}\u00bb iron_overlay_color=\u00bbrgba(38,38,38,0.81)\u00bb][vc_column][vc_row_inner][vc_column_inner][vc_column_text]<\/p>\n<p style=\"text-align: center; font-size: 25px; font-family: 'Merriweather', serif !important; color: #ffffff; line-height: 1.5;\">\u00abJavier Llanes, uno de los grandes exponentes de las generaciones m\u00e1s j\u00f3venes de guitarristas espa\u00f1oles.\u00bb (2017)<\/p>\n<p style=\"text-align: center;\"><span style=\"color: #ffffff;\"><em>Guitarras Contreras<\/em><\/span><\/p>\n<p>[\/vc_column_text][\/vc_column_inner][\/vc_row_inner][\/vc_column][\/vc_row][\/vc_section][vc_row iron_row_type=\u00bbin_container\u00bb iron_remove_padding_medium=\u00bb\u00bb iron_remove_padding_small=\u00bb\u00bb iron_overlay_pattern=\u00bb\u00bb iron_parallax=\u00bb\u00bb iron_bg_video=\u00bb\u00bb dt_bg_repeat=\u00bbrepeat-y\u00bb dt_text_scheme=\u00bblighter-overlay\u00bb dt_row_type=\u00bbin_container\u00bb][vc_column css=\u00bb.vc_custom_1589742101584{padding-top: 30px !important;}\u00bb]\r\n        <div class=\"widget iron_widget_divider \">\r\n    \t<span class=\"heading-t3\"><\/span>\r\n\t    <h3 class=\"widgettitle\">V\u00eddeos destacados<\/h3>\r\n\t    <span class=\"heading-b3\"><\/span>\r\n    <\/div>\r\n        \r\n    [\/vc_column][\/vc_row][vc_row iron_row_type=\u00bbin_container\u00bb iron_remove_padding_medium=\u00bb\u00bb iron_remove_padding_small=\u00bb\u00bb iron_overlay_pattern=\u00bb\u00bb iron_parallax=\u00bb\u00bb iron_bg_video=\u00bb\u00bb][vc_column width=\u00bb1\/2&#8243; css=\u00bb.vc_custom_1589742326407{padding-top: 30px !important;}\u00bb][vc_video link=\u00bbhttps:\/\/www.youtube.com\/watch?v=FOI64A1vmts\u00bb][\/vc_column][vc_column width=\u00bb1\/2&#8243; css=\u00bb.vc_custom_1589742337111{padding-top: 30px !important;}\u00bb][vc_video link=\u00bbhttps:\/\/www.youtube.com\/watch?v=MZMR1xqLOo4&#8243;][\/vc_column][\/vc_row]<\/p>\n","protected":false},"excerpt":{"rendered":"<p>[vc_row iron_row_type=\u00bbfull_width\u00bb iron_remove_padding_medium=\u00bb\u00bb iron_remove_padding_small=\u00bb\u00bb iron_overlay_pattern=\u00bb\u00bb iron_parallax=\u00bb\u00bb iron_bg_video=\u00bb\u00bb iron_bg_repeat=\u00bbrepeat-y\u00bb iron_text_scheme=\u00bblighter-overlay\u00bb][vc_column][vc_column_text]Javier Llanes[\/vc_column_text][\/vc_column][\/vc_row][vc_section][vc_row iron_row_type=\u00bbfull_width\u00bb iron_remove_padding_medium=\u00bb\u00bb iron_remove_padding_small=\u00bb\u00bb iron_overlay_pattern=\u00bb\u00bb iron_parallax=\u00bbparallax\u00bb iron_bg_video=\u00bb\u00bb css=\u00bb.vc_custom_1598280434506{margin-top: 0px !important;padding-top: 150px [&hellip;]<\/p>\n","protected":false},"author":1,"featured_media":0,"parent":0,"menu_order":1,"comment_status":"closed","ping_status":"closed","template":"","meta":{"footnotes":""},"class_list":["post-2","page","type-page","status-publish","hentry"],"yoast_head":"<!-- This site is optimized with the Yoast SEO plugin v26.5 - https:\/\/yoast.com\/wordpress\/plugins\/seo\/ -->\n<title>Inicio - Javier Llanes - Guitarrista<\/title>\n<meta name=\"robots\" content=\"index, follow, max-snippet:-1, max-image-preview:large, max-video-preview:-1\" \/>\n<link rel=\"canonical\" href=\"https:\/\/javierllanesguitar.com\/Clasico\/\" \/>\n<meta property=\"og:locale\" content=\"es_ES\" \/>\n<meta property=\"og:type\" content=\"article\" \/>\n<meta property=\"og:title\" content=\"Inicio - Javier Llanes - Guitarrista\" \/>\n<meta property=\"og:description\" content=\"[vc_row iron_row_type=\u00bbfull_width\u00bb iron_remove_padding_medium=\u00bb\u00bb iron_remove_padding_small=\u00bb\u00bb iron_overlay_pattern=\u00bb\u00bb iron_parallax=\u00bb\u00bb iron_bg_video=\u00bb\u00bb iron_bg_repeat=\u00bbrepeat-y\u00bb iron_text_scheme=\u00bblighter-overlay\u00bb][vc_column][vc_column_text]Javier Llanes[\/vc_column_text][\/vc_column][\/vc_row][vc_section][vc_row iron_row_type=\u00bbfull_width\u00bb iron_remove_padding_medium=\u00bb\u00bb iron_remove_padding_small=\u00bb\u00bb iron_overlay_pattern=\u00bb\u00bb iron_parallax=\u00bbparallax\u00bb iron_bg_video=\u00bb\u00bb css=\u00bb.vc_custom_1598280434506{margin-top: 0px !important;padding-top: 150px [&hellip;]\" \/>\n<meta property=\"og:url\" content=\"https:\/\/javierllanesguitar.com\/Clasico\/\" \/>\n<meta property=\"og:site_name\" content=\"Javier Llanes - Guitarrista\" \/>\n<meta property=\"article:modified_time\" content=\"2025-08-10T10:17:26+00:00\" \/>\n<meta name=\"twitter:card\" content=\"summary_large_image\" \/>\n<meta name=\"twitter:label1\" content=\"Tiempo de lectura\" \/>\n\t<meta name=\"twitter:data1\" content=\"1 minuto\" \/>\n<script type=\"application\/ld+json\" class=\"yoast-schema-graph\">{\"@context\":\"https:\/\/schema.org\",\"@graph\":[{\"@type\":\"WebPage\",\"@id\":\"https:\/\/javierllanesguitar.com\/Clasico\/\",\"url\":\"https:\/\/javierllanesguitar.com\/Clasico\/\",\"name\":\"Inicio - Javier Llanes - Guitarrista\",\"isPartOf\":{\"@id\":\"https:\/\/javierllanesguitar.com\/Clasico\/#website\"},\"datePublished\":\"2013-06-11T19:35:36+00:00\",\"dateModified\":\"2025-08-10T10:17:26+00:00\",\"breadcrumb\":{\"@id\":\"https:\/\/javierllanesguitar.com\/Clasico\/#breadcrumb\"},\"inLanguage\":\"es\",\"potentialAction\":[{\"@type\":\"ReadAction\",\"target\":[\"https:\/\/javierllanesguitar.com\/Clasico\/\"]}]},{\"@type\":\"BreadcrumbList\",\"@id\":\"https:\/\/javierllanesguitar.com\/Clasico\/#breadcrumb\",\"itemListElement\":[{\"@type\":\"ListItem\",\"position\":1,\"name\":\"Portada\",\"item\":\"https:\/\/javierllanesguitar.com\/Clasico\/\"},{\"@type\":\"ListItem\",\"position\":2,\"name\":\"Inicio\"}]},{\"@type\":\"WebSite\",\"@id\":\"https:\/\/javierllanesguitar.com\/Clasico\/#website\",\"url\":\"https:\/\/javierllanesguitar.com\/Clasico\/\",\"name\":\"Javier Llanes - Guitarrista\",\"description\":\"Javier Llanes - Guitarrista\",\"potentialAction\":[{\"@type\":\"SearchAction\",\"target\":{\"@type\":\"EntryPoint\",\"urlTemplate\":\"https:\/\/javierllanesguitar.com\/Clasico\/?s={search_term_string}\"},\"query-input\":{\"@type\":\"PropertyValueSpecification\",\"valueRequired\":true,\"valueName\":\"search_term_string\"}}],\"inLanguage\":\"es\"}]}<\/script>\n<!-- \/ Yoast SEO plugin. -->","yoast_head_json":{"title":"Inicio - Javier Llanes - Guitarrista","robots":{"index":"index","follow":"follow","max-snippet":"max-snippet:-1","max-image-preview":"max-image-preview:large","max-video-preview":"max-video-preview:-1"},"canonical":"https:\/\/javierllanesguitar.com\/Clasico\/","og_locale":"es_ES","og_type":"article","og_title":"Inicio - Javier Llanes - Guitarrista","og_description":"[vc_row iron_row_type=\u00bbfull_width\u00bb iron_remove_padding_medium=\u00bb\u00bb iron_remove_padding_small=\u00bb\u00bb iron_overlay_pattern=\u00bb\u00bb iron_parallax=\u00bb\u00bb iron_bg_video=\u00bb\u00bb iron_bg_repeat=\u00bbrepeat-y\u00bb iron_text_scheme=\u00bblighter-overlay\u00bb][vc_column][vc_column_text]Javier Llanes[\/vc_column_text][\/vc_column][\/vc_row][vc_section][vc_row iron_row_type=\u00bbfull_width\u00bb iron_remove_padding_medium=\u00bb\u00bb iron_remove_padding_small=\u00bb\u00bb iron_overlay_pattern=\u00bb\u00bb iron_parallax=\u00bbparallax\u00bb iron_bg_video=\u00bb\u00bb css=\u00bb.vc_custom_1598280434506{margin-top: 0px !important;padding-top: 150px [&hellip;]","og_url":"https:\/\/javierllanesguitar.com\/Clasico\/","og_site_name":"Javier Llanes - Guitarrista","article_modified_time":"2025-08-10T10:17:26+00:00","twitter_card":"summary_large_image","twitter_misc":{"Tiempo de lectura":"1 minuto"},"schema":{"@context":"https:\/\/schema.org","@graph":[{"@type":"WebPage","@id":"https:\/\/javierllanesguitar.com\/Clasico\/","url":"https:\/\/javierllanesguitar.com\/Clasico\/","name":"Inicio - Javier Llanes - Guitarrista","isPartOf":{"@id":"https:\/\/javierllanesguitar.com\/Clasico\/#website"},"datePublished":"2013-06-11T19:35:36+00:00","dateModified":"2025-08-10T10:17:26+00:00","breadcrumb":{"@id":"https:\/\/javierllanesguitar.com\/Clasico\/#breadcrumb"},"inLanguage":"es","potentialAction":[{"@type":"ReadAction","target":["https:\/\/javierllanesguitar.com\/Clasico\/"]}]},{"@type":"BreadcrumbList","@id":"https:\/\/javierllanesguitar.com\/Clasico\/#breadcrumb","itemListElement":[{"@type":"ListItem","position":1,"name":"Portada","item":"https:\/\/javierllanesguitar.com\/Clasico\/"},{"@type":"ListItem","position":2,"name":"Inicio"}]},{"@type":"WebSite","@id":"https:\/\/javierllanesguitar.com\/Clasico\/#website","url":"https:\/\/javierllanesguitar.com\/Clasico\/","name":"Javier Llanes - Guitarrista","description":"Javier Llanes - Guitarrista","potentialAction":[{"@type":"SearchAction","target":{"@type":"EntryPoint","urlTemplate":"https:\/\/javierllanesguitar.com\/Clasico\/?s={search_term_string}"},"query-input":{"@type":"PropertyValueSpecification","valueRequired":true,"valueName":"search_term_string"}}],"inLanguage":"es"}]}},"_links":{"self":[{"href":"https:\/\/javierllanesguitar.com\/Clasico\/wp-json\/wp\/v2\/pages\/2","targetHints":{"allow":["GET"]}}],"collection":[{"href":"https:\/\/javierllanesguitar.com\/Clasico\/wp-json\/wp\/v2\/pages"}],"about":[{"href":"https:\/\/javierllanesguitar.com\/Clasico\/wp-json\/wp\/v2\/types\/page"}],"author":[{"embeddable":true,"href":"https:\/\/javierllanesguitar.com\/Clasico\/wp-json\/wp\/v2\/users\/1"}],"replies":[{"embeddable":true,"href":"https:\/\/javierllanesguitar.com\/Clasico\/wp-json\/wp\/v2\/comments?post=2"}],"version-history":[{"count":276,"href":"https:\/\/javierllanesguitar.com\/Clasico\/wp-json\/wp\/v2\/pages\/2\/revisions"}],"predecessor-version":[{"id":2827,"href":"https:\/\/javierllanesguitar.com\/Clasico\/wp-json\/wp\/v2\/pages\/2\/revisions\/2827"}],"wp:attachment":[{"href":"https:\/\/javierllanesguitar.com\/Clasico\/wp-json\/wp\/v2\/media?parent=2"}],"curies":[{"name":"wp","href":"https:\/\/api.w.org\/{rel}","templated":true}]}}