{"id":2271,"date":"2020-08-31T20:40:25","date_gmt":"2020-08-31T18:40:25","guid":{"rendered":"https:\/\/javierllanesguitar.com\/Clasico\/?page_id=2271"},"modified":"2025-10-22T12:01:35","modified_gmt":"2025-10-22T10:01:35","slug":"prensa","status":"publish","type":"page","link":"https:\/\/javierllanesguitar.com\/Clasico\/prensa\/","title":{"rendered":"PRENSA"},"content":{"rendered":"<p style=\"text-align: center;\"><strong><a href=\"https:\/\/activaorihuela.es\/el-guitarrista-oriolano-javier-llanes-recibe-doble-medalla-en-los-global-music-awards\/?fbclid=IwY2xjawNlhG1leHRuA2FlbQIxMQABHuESTOpscjpt_dmdQO4jUsKn3ikYdtC1nKCNRluAJyn9DOm-dxeOhT2nAdGF_aem_uUSqFY3HPAAoU0HGlKIh4Q\">ACTIVA ORIHUELA<\/a> 2025<\/strong><\/p>\n<p>&nbsp;<\/p>\n<p><a href=\"https:\/\/javierllanesguitar.com\/Clasico\/wp-content\/uploads\/2025\/10\/IMG_0910.jpeg\"><img loading=\"lazy\" decoding=\"async\" class=\" wp-image-2842 aligncenter\" src=\"https:\/\/javierllanesguitar.com\/Clasico\/wp-content\/uploads\/2025\/10\/IMG_0910.jpeg\" alt=\"\" width=\"507\" height=\"569\" srcset=\"https:\/\/javierllanesguitar.com\/Clasico\/wp-content\/uploads\/2025\/10\/IMG_0910.jpeg 1179w, https:\/\/javierllanesguitar.com\/Clasico\/wp-content\/uploads\/2025\/10\/IMG_0910-267x300.jpeg 267w, https:\/\/javierllanesguitar.com\/Clasico\/wp-content\/uploads\/2025\/10\/IMG_0910-912x1024.jpeg 912w, https:\/\/javierllanesguitar.com\/Clasico\/wp-content\/uploads\/2025\/10\/IMG_0910-768x862.jpeg 768w\" sizes=\"auto, (max-width: 507px) 100vw, 507px\" \/><\/a><\/p>\n<p>&nbsp;<\/p>\n<p style=\"text-align: center;\"><strong><a href=\"https:\/\/todoculturavegabaja.es\/el-guitarrista-oriolano-javier-llanes-recibe-la-distincion-doble-en-los-global-music-awards-con-medalla-de-plata-en-las-categorias-de-instrumentalist-y-music-video\/\">TodoculturaVegaBaja<\/a> 2025<\/strong><\/p>\n<p>&nbsp;<\/p>\n<p><a href=\"https:\/\/javierllanesguitar.com\/Clasico\/wp-content\/uploads\/2025\/10\/IMG_0909.jpeg\"><img loading=\"lazy\" decoding=\"async\" class=\"wp-image-2841 aligncenter\" src=\"https:\/\/javierllanesguitar.com\/Clasico\/wp-content\/uploads\/2025\/10\/IMG_0909.jpeg\" alt=\"\" width=\"562\" height=\"816\" srcset=\"https:\/\/javierllanesguitar.com\/Clasico\/wp-content\/uploads\/2025\/10\/IMG_0909.jpeg 1179w, https:\/\/javierllanesguitar.com\/Clasico\/wp-content\/uploads\/2025\/10\/IMG_0909-207x300.jpeg 207w, https:\/\/javierllanesguitar.com\/Clasico\/wp-content\/uploads\/2025\/10\/IMG_0909-705x1024.jpeg 705w, https:\/\/javierllanesguitar.com\/Clasico\/wp-content\/uploads\/2025\/10\/IMG_0909-768x1115.jpeg 768w, https:\/\/javierllanesguitar.com\/Clasico\/wp-content\/uploads\/2025\/10\/IMG_0909-1058x1536.jpeg 1058w\" sizes=\"auto, (max-width: 562px) 100vw, 562px\" \/><\/a><\/p>\n<p>&nbsp;<\/p>\n<p style=\"text-align: center;\"><strong><a href=\"https:\/\/www.infovegabaja.com\/el-musico-oriolano-javier-llanes-prepara-el-lanzamiento-de-su-nuevo-sencillo-para-guitarra-clasica\/?brid=8VXTrUNUvQ3dy7V-7hu4Ag\">INFO VEGABAJA<\/a> 2025<\/strong><\/p>\n<p>&nbsp;<\/p>\n<p><a href=\"https:\/\/javierllanesguitar.com\/Clasico\/wp-content\/uploads\/2025\/10\/Captura-de-Pantalla-2025-10-22-a-las-11.42.20.png\"><img loading=\"lazy\" decoding=\"async\" class=\"wp-image-2843 aligncenter\" src=\"https:\/\/javierllanesguitar.com\/Clasico\/wp-content\/uploads\/2025\/10\/Captura-de-Pantalla-2025-10-22-a-las-11.42.20.png\" alt=\"\" width=\"561\" height=\"401\" srcset=\"https:\/\/javierllanesguitar.com\/Clasico\/wp-content\/uploads\/2025\/10\/Captura-de-Pantalla-2025-10-22-a-las-11.42.20.png 1655w, https:\/\/javierllanesguitar.com\/Clasico\/wp-content\/uploads\/2025\/10\/Captura-de-Pantalla-2025-10-22-a-las-11.42.20-300x214.png 300w, https:\/\/javierllanesguitar.com\/Clasico\/wp-content\/uploads\/2025\/10\/Captura-de-Pantalla-2025-10-22-a-las-11.42.20-1024x732.png 1024w, https:\/\/javierllanesguitar.com\/Clasico\/wp-content\/uploads\/2025\/10\/Captura-de-Pantalla-2025-10-22-a-las-11.42.20-768x549.png 768w, https:\/\/javierllanesguitar.com\/Clasico\/wp-content\/uploads\/2025\/10\/Captura-de-Pantalla-2025-10-22-a-las-11.42.20-1536x1098.png 1536w\" sizes=\"auto, (max-width: 561px) 100vw, 561px\" \/><\/a><\/p>\n<p>&nbsp;<\/p>\n<p style=\"text-align: center;\"><strong>TODOCULTURAVEGABAJA 2025<\/strong><\/p>\n<p>&nbsp;<\/p>\n<p><a href=\"https:\/\/javierllanesguitar.com\/Clasico\/wp-content\/uploads\/2025\/10\/IMG_0919.jpg\"><img loading=\"lazy\" decoding=\"async\" class=\"wp-image-2844 aligncenter\" src=\"https:\/\/javierllanesguitar.com\/Clasico\/wp-content\/uploads\/2025\/10\/IMG_0919.jpg\" alt=\"\" width=\"507\" height=\"876\" srcset=\"https:\/\/javierllanesguitar.com\/Clasico\/wp-content\/uploads\/2025\/10\/IMG_0919.jpg 1157w, https:\/\/javierllanesguitar.com\/Clasico\/wp-content\/uploads\/2025\/10\/IMG_0919-174x300.jpg 174w, https:\/\/javierllanesguitar.com\/Clasico\/wp-content\/uploads\/2025\/10\/IMG_0919-593x1024.jpg 593w, https:\/\/javierllanesguitar.com\/Clasico\/wp-content\/uploads\/2025\/10\/IMG_0919-768x1327.jpg 768w, https:\/\/javierllanesguitar.com\/Clasico\/wp-content\/uploads\/2025\/10\/IMG_0919-889x1536.jpg 889w\" sizes=\"auto, (max-width: 507px) 100vw, 507px\" \/><\/a><\/p>\n<p>&nbsp;<\/p>\n<p style=\"text-align: center;\"><strong>PRENSA ITALIANA 2020<\/strong><\/p>\n<p style=\"text-align: center;\"><a href=\"https:\/\/javierllanesguitar.com\/Clasico\/wp-content\/uploads\/2020\/09\/Cr\u00edtica-concierto-08-02-17.png\"><br \/><\/a><a href=\"https:\/\/javierllanesguitar.com\/Clasico\/wp-content\/uploads\/2020\/09\/IMG_2989.jpg\"><img loading=\"lazy\" decoding=\"async\" class=\"aligncenter wp-image-2395\" src=\"https:\/\/javierllanesguitar.com\/Clasico\/wp-content\/uploads\/2020\/09\/IMG_2989.jpg\" alt=\"\" width=\"689\" height=\"211\" srcset=\"https:\/\/javierllanesguitar.com\/Clasico\/wp-content\/uploads\/2020\/09\/IMG_2989.jpg 640w, https:\/\/javierllanesguitar.com\/Clasico\/wp-content\/uploads\/2020\/09\/IMG_2989-300x92.jpg 300w\" sizes=\"auto, (max-width: 689px) 100vw, 689px\" \/><\/a><\/p>\n<p style=\"text-align: center;\">\u00a0<\/p>\n<p>&nbsp;<\/p>\n<p style=\"text-align: center;\"><strong>ACTIVA ORIHUELA 2019<\/strong><\/p>\n<p style=\"text-align: center;\"><a href=\"https:\/\/javierllanesguitar.com\/Clasico\/wp-content\/uploads\/2020\/09\/Cr\u00edtica-concierto-08-02-17.png\"><br \/><\/a><a href=\"https:\/\/javierllanesguitar.com\/Clasico\/wp-content\/uploads\/2020\/09\/fb6c3e6f-7a59-4a0c-bba5-8250f656f401.jpg\"><img loading=\"lazy\" decoding=\"async\" class=\"aligncenter wp-image-2397\" src=\"https:\/\/javierllanesguitar.com\/Clasico\/wp-content\/uploads\/2020\/09\/fb6c3e6f-7a59-4a0c-bba5-8250f656f401.jpg\" alt=\"\" width=\"600\" height=\"415\" srcset=\"https:\/\/javierllanesguitar.com\/Clasico\/wp-content\/uploads\/2020\/09\/fb6c3e6f-7a59-4a0c-bba5-8250f656f401.jpg 1087w, https:\/\/javierllanesguitar.com\/Clasico\/wp-content\/uploads\/2020\/09\/fb6c3e6f-7a59-4a0c-bba5-8250f656f401-300x208.jpg 300w, https:\/\/javierllanesguitar.com\/Clasico\/wp-content\/uploads\/2020\/09\/fb6c3e6f-7a59-4a0c-bba5-8250f656f401-1024x708.jpg 1024w, https:\/\/javierllanesguitar.com\/Clasico\/wp-content\/uploads\/2020\/09\/fb6c3e6f-7a59-4a0c-bba5-8250f656f401-768x531.jpg 768w\" sizes=\"auto, (max-width: 600px) 100vw, 600px\" \/><\/a><\/p>\n<p>&nbsp;<\/p>\n<p style=\"text-align: center;\"><strong>DIARIO LA VERDAD 2017<\/strong><\/p>\n<p style=\"text-align: center;\"><a href=\"https:\/\/javierllanesguitar.com\/Clasico\/wp-content\/uploads\/2020\/09\/Cr\u00edtica-concierto-08-02-17.png\"><br \/><img loading=\"lazy\" decoding=\"async\" class=\"aligncenter wp-image-2285\" src=\"https:\/\/javierllanesguitar.com\/Clasico\/wp-content\/uploads\/2020\/09\/Cr\u00edtica-concierto-08-02-17.png\" alt=\"\" width=\"600\" height=\"485\" srcset=\"https:\/\/javierllanesguitar.com\/Clasico\/wp-content\/uploads\/2020\/09\/Cr\u00edtica-concierto-08-02-17.png 560w, https:\/\/javierllanesguitar.com\/Clasico\/wp-content\/uploads\/2020\/09\/Cr\u00edtica-concierto-08-02-17-300x243.png 300w\" sizes=\"auto, (max-width: 600px) 100vw, 600px\" \/><\/a><\/p>\n<p>&nbsp;<\/p>\n<p style=\"text-align: center;\"><strong>DIARIO DE C\u00d3RDOBA 2017<\/strong><\/p>\n<p>&nbsp;<\/p>\n<p><a href=\"https:\/\/javierllanesguitar.com\/Clasico\/wp-content\/uploads\/2020\/09\/2017-diario-c\u00a2rdoba.jpg\"><img loading=\"lazy\" decoding=\"async\" class=\"aligncenter wp-image-2379 size-full\" src=\"https:\/\/javierllanesguitar.com\/Clasico\/wp-content\/uploads\/2020\/09\/2017-diario-c\u00a2rdoba.jpg\" alt=\"\" width=\"243\" height=\"738\" srcset=\"https:\/\/javierllanesguitar.com\/Clasico\/wp-content\/uploads\/2020\/09\/2017-diario-c\u00a2rdoba.jpg 243w, https:\/\/javierllanesguitar.com\/Clasico\/wp-content\/uploads\/2020\/09\/2017-diario-c\u00a2rdoba-99x300.jpg 99w\" sizes=\"auto, (max-width: 243px) 100vw, 243px\" \/><\/a><\/p>\n<p>&nbsp;<\/p>\n<p style=\"text-align: center;\"><strong><a href=\"https:\/\/cordopolis.es\/2017\/11\/21\/javier-llanes-recorre-la-historia-de-la-guitarra-clasica-en-el-teatro-gongora\/\">DIARIO CORD\u00d3POLIS<\/a> 2017<\/strong><\/p>\n<p>&nbsp;<\/p>\n<p style=\"text-align: center;\"><a href=\"https:\/\/javierllanesguitar.com\/Clasico\/wp-content\/uploads\/2020\/09\/Captura-de-pantalla-2020-09-12-a-las-16.45.08.jpg\"><img loading=\"lazy\" decoding=\"async\" class=\"aligncenter wp-image-2371\" src=\"https:\/\/javierllanesguitar.com\/Clasico\/wp-content\/uploads\/2020\/09\/Captura-de-pantalla-2020-09-12-a-las-16.45.08.jpg\" alt=\"\" width=\"600\" height=\"479\" srcset=\"https:\/\/javierllanesguitar.com\/Clasico\/wp-content\/uploads\/2020\/09\/Captura-de-pantalla-2020-09-12-a-las-16.45.08.jpg 1562w, https:\/\/javierllanesguitar.com\/Clasico\/wp-content\/uploads\/2020\/09\/Captura-de-pantalla-2020-09-12-a-las-16.45.08-300x239.jpg 300w, https:\/\/javierllanesguitar.com\/Clasico\/wp-content\/uploads\/2020\/09\/Captura-de-pantalla-2020-09-12-a-las-16.45.08-1024x817.jpg 1024w, https:\/\/javierllanesguitar.com\/Clasico\/wp-content\/uploads\/2020\/09\/Captura-de-pantalla-2020-09-12-a-las-16.45.08-768x613.jpg 768w, https:\/\/javierllanesguitar.com\/Clasico\/wp-content\/uploads\/2020\/09\/Captura-de-pantalla-2020-09-12-a-las-16.45.08-1536x1225.jpg 1536w\" sizes=\"auto, (max-width: 600px) 100vw, 600px\" \/><\/a><\/p>\n<p>&nbsp;<\/p>\n<p style=\"text-align: center;\"><strong><a href=\"https:\/\/www.diariojaen.es\/provincia\/andujar\/violin-y-guitarra-en-una-noche-cultural-BL2904223\">DIARIO JA\u00c9N<\/a> 2017<\/strong><\/p>\n<p>&nbsp;<\/p>\n<p style=\"text-align: center;\"><a href=\"https:\/\/www.diariojaen.es\/provincia\/andujar\/violin-y-guitarra-en-una-noche-cultural-BL2904223\"><img loading=\"lazy\" decoding=\"async\" class=\"wp-image-2376 size-full aligncenter\" src=\"https:\/\/javierllanesguitar.com\/Clasico\/wp-content\/uploads\/2020\/09\/Ja\u00c7n-and\u00a3jar-2017.jpg\" alt=\"\" width=\"325\" height=\"602\" srcset=\"https:\/\/javierllanesguitar.com\/Clasico\/wp-content\/uploads\/2020\/09\/Ja\u00c7n-and\u00a3jar-2017.jpg 325w, https:\/\/javierllanesguitar.com\/Clasico\/wp-content\/uploads\/2020\/09\/Ja\u00c7n-and\u00a3jar-2017-162x300.jpg 162w\" sizes=\"auto, (max-width: 325px) 100vw, 325px\" \/><\/a><\/p>\n<p>&nbsp;<\/p>\n<p style=\"text-align: center;\"><strong>DIARIO LA VERDAD \u00a02016<\/strong><\/p>\n<p>&nbsp;<\/p>\n<p style=\"text-align: center;\"><a href=\"https:\/\/javierllanesguitar.com\/Clasico\/wp-content\/uploads\/2020\/09\/2016-cr\u00edtica.jpg\"><img loading=\"lazy\" decoding=\"async\" class=\"wp-image-2284\" src=\"https:\/\/javierllanesguitar.com\/Clasico\/wp-content\/uploads\/2020\/09\/2016-cr\u00edtica.jpg\" alt=\"\" width=\"600\" height=\"531\" srcset=\"https:\/\/javierllanesguitar.com\/Clasico\/wp-content\/uploads\/2020\/09\/2016-cr\u00edtica.jpg 812w, https:\/\/javierllanesguitar.com\/Clasico\/wp-content\/uploads\/2020\/09\/2016-cr\u00edtica-300x265.jpg 300w, https:\/\/javierllanesguitar.com\/Clasico\/wp-content\/uploads\/2020\/09\/2016-cr\u00edtica-768x679.jpg 768w\" sizes=\"auto, (max-width: 600px) 100vw, 600px\" \/><\/a><\/p>\n\n\n<p><\/p>\n\n\n\n<div class=\"wp-block-group\"><div class=\"wp-block-group__inner-container is-layout-flow wp-block-group-is-layout-flow\"><\/div><\/div>\n<p style=\"text-align: center;\"><strong>DIARIO ELCHE 2012<\/strong><\/p>\n<\/p>\n<p style=\"text-align: center;\"><strong>\u00a0J\u00d3VENES GUITARRISTAS HOMENAJEAN LOS DIEZ A\u00d1OS DE CONCURSO DE GUITARRA \u201cCIUTAT D\u2019ELX\u201d<\/strong><\/p>\n<p style=\"text-align: left; padding-left: 120px;\"><strong>Ma\u00f1ana se clausurar\u00e1 el Festival de Guitarra con el Concierto de Aranjuez interpretado por \u00c1lvaro Pierri y la Orquesta Sinf\u00f3nica en el Palacio de Altamira<\/strong><\/p>\n<p style=\"padding-left: 80px; text-align: center;\">\u00a0El Concurso Internacional de Guitarra \u201cCiutat d\u2019Elx\u201dcumple este a\u00f1o su d\u00e9cima edici\u00f3n. Para celebrarlo, el Claustro de la Biblioteca de San Jos\u00e9 acogi\u00f3 anoche el Concierto \u00a0 \u00a0 \u00a0 \u00a0 \u00a0 \u00a0\u00a0Homenaje X Aniversarioen el que actuaron Francisco Javier Llanesy Arturo Palenzuela, dos de los ganadores de anteriores ediciones del Premio Calendura \u00a0 \u00a0 \u00a0 \u00a0 \u00a0 \u00a0 \u00a0 \u00a0 \u00a0 \u00a0 \u00a0 \u00a0 \u00a0 \u00a0 \u00a0 \u00a0 \u00a0 \u00a0 \u00a0 \u00a0 \u00a0 \u00a0 \u00a0 \u00a0 \u00a0 \u00a0 \u00a0 \u00a0 \u00a0 \u00a0a j\u00f3venes guitarristas.<\/p>\n<p style=\"padding-left: 80px; text-align: center;\">Javier Llanes se alz\u00f3 con el primer premio en 2010 y anoche interpret\u00f3 obras de Bach y Giuliani con una excelente t\u00e9cnica que revalid\u00f3 su t\u00edtulo de ganador. Por su parte, \u00a0 \u00a0 \u00a0 \u00a0 \u00a0 \u00a0 \u00a0 \u00a0 \u00a0 \u00a0 \u00a0 \u00a0 \u00a0 \u00a0 \u00a0en 2007 el Premio Calendura recay\u00f3 en Arturo Palenzuelaquien tambi\u00e9n toc\u00f3 una variaci\u00f3n sobre un tema de Mozart y el \u201cGran solo\u201d de F. Sor.<\/p>\n<p style=\"padding-left: 80px; text-align: center;\">Manuel G\u00f3mez Ortigosa, director del Festival, agradeci\u00f3 a todos los participantes que han pasado por el Concurso durante estos diez a\u00f1os. E hizo especial hincapi\u00e9 en los \u00a0 \u00a0 \u00a0 \u00a0 \u00a0 \u00a0 \u00a0 \u00a0 \u00a0 \u00a0 \u00a0 \u00a0 \u00a0 \u00a0 \u00a0ganadores del Premio Calendura a j\u00f3venes guitarristas. Hasta ahora s\u00f3lo volv\u00edan al Festival los ganadores de la secci\u00f3n adulta y no se ofrec\u00eda la posibilidad de tocar a \u00a0 \u00a0 \u00a0 \u00a0 \u00a0 \u00a0 \u00a0 \u00a0 \u00a0 \u00a0 \u00a0 \u00a0 \u00a0 \u00a0 \u00a0 \u00a0 \u00a0 \u00a0 \u00a0 \u00a0 \u00a0 \u00a0 \u00a0 \u00a0los j\u00f3venes ganadores. <em>\u201cEs por ello que este a\u00f1o hemos querido tener una deferencia con ellos y celebrar juntos estos diez a\u00f1os de Concurso\u201d, <\/em>coment\u00f3 el director.<\/p>\n<p style=\"padding-left: 40px;\">","protected":false},"excerpt":{"rendered":"<p>ACTIVA ORIHUELA 2025 &nbsp; &nbsp; TodoculturaVegaBaja 2025 &nbsp; &nbsp; INFO VEGABAJA 2025 &nbsp; &nbsp; TODOCULTURAVEGABAJA 2025 &nbsp; &nbsp; PRENSA ITALIANA [&hellip;]<\/p>\n","protected":false},"author":1,"featured_media":0,"parent":0,"menu_order":0,"comment_status":"closed","ping_status":"closed","template":"","meta":{"footnotes":""},"class_list":["post-2271","page","type-page","status-publish","hentry"],"yoast_head":"<!-- This site is optimized with the Yoast SEO plugin v26.5 - https:\/\/yoast.com\/wordpress\/plugins\/seo\/ -->\n<title>PRENSA - Javier Llanes - Guitarrista<\/title>\n<meta name=\"robots\" content=\"index, follow, max-snippet:-1, max-image-preview:large, max-video-preview:-1\" \/>\n<link rel=\"canonical\" href=\"https:\/\/javierllanesguitar.com\/Clasico\/prensa\/\" \/>\n<meta property=\"og:locale\" content=\"es_ES\" \/>\n<meta property=\"og:type\" content=\"article\" \/>\n<meta property=\"og:title\" content=\"PRENSA - Javier Llanes - Guitarrista\" \/>\n<meta property=\"og:description\" content=\"ACTIVA ORIHUELA 2025 &nbsp; &nbsp; TodoculturaVegaBaja 2025 &nbsp; &nbsp; INFO VEGABAJA 2025 &nbsp; &nbsp; TODOCULTURAVEGABAJA 2025 &nbsp; &nbsp; PRENSA ITALIANA [&hellip;]\" \/>\n<meta property=\"og:url\" content=\"https:\/\/javierllanesguitar.com\/Clasico\/prensa\/\" \/>\n<meta property=\"og:site_name\" content=\"Javier Llanes - Guitarrista\" \/>\n<meta property=\"article:modified_time\" content=\"2025-10-22T10:01:35+00:00\" \/>\n<meta property=\"og:image\" content=\"https:\/\/javierllanesguitar.com\/Clasico\/wp-content\/uploads\/2025\/10\/IMG_0910.jpeg\" \/>\n\t<meta property=\"og:image:width\" content=\"1179\" \/>\n\t<meta property=\"og:image:height\" content=\"1324\" \/>\n\t<meta property=\"og:image:type\" content=\"image\/jpeg\" \/>\n<meta name=\"twitter:card\" content=\"summary_large_image\" \/>\n<meta name=\"twitter:label1\" content=\"Tiempo de lectura\" \/>\n\t<meta name=\"twitter:data1\" content=\"4 minutos\" \/>\n<script type=\"application\/ld+json\" class=\"yoast-schema-graph\">{\"@context\":\"https:\/\/schema.org\",\"@graph\":[{\"@type\":\"WebPage\",\"@id\":\"https:\/\/javierllanesguitar.com\/Clasico\/prensa\/\",\"url\":\"https:\/\/javierllanesguitar.com\/Clasico\/prensa\/\",\"name\":\"PRENSA - Javier Llanes - Guitarrista\",\"isPartOf\":{\"@id\":\"https:\/\/javierllanesguitar.com\/Clasico\/#website\"},\"primaryImageOfPage\":{\"@id\":\"https:\/\/javierllanesguitar.com\/Clasico\/prensa\/#primaryimage\"},\"image\":{\"@id\":\"https:\/\/javierllanesguitar.com\/Clasico\/prensa\/#primaryimage\"},\"thumbnailUrl\":\"https:\/\/javierllanesguitar.com\/Clasico\/wp-content\/uploads\/2025\/10\/IMG_0910.jpeg\",\"datePublished\":\"2020-08-31T18:40:25+00:00\",\"dateModified\":\"2025-10-22T10:01:35+00:00\",\"breadcrumb\":{\"@id\":\"https:\/\/javierllanesguitar.com\/Clasico\/prensa\/#breadcrumb\"},\"inLanguage\":\"es\",\"potentialAction\":[{\"@type\":\"ReadAction\",\"target\":[\"https:\/\/javierllanesguitar.com\/Clasico\/prensa\/\"]}]},{\"@type\":\"ImageObject\",\"inLanguage\":\"es\",\"@id\":\"https:\/\/javierllanesguitar.com\/Clasico\/prensa\/#primaryimage\",\"url\":\"https:\/\/javierllanesguitar.com\/Clasico\/wp-content\/uploads\/2025\/10\/IMG_0910.jpeg\",\"contentUrl\":\"https:\/\/javierllanesguitar.com\/Clasico\/wp-content\/uploads\/2025\/10\/IMG_0910.jpeg\"},{\"@type\":\"BreadcrumbList\",\"@id\":\"https:\/\/javierllanesguitar.com\/Clasico\/prensa\/#breadcrumb\",\"itemListElement\":[{\"@type\":\"ListItem\",\"position\":1,\"name\":\"Portada\",\"item\":\"https:\/\/javierllanesguitar.com\/Clasico\/\"},{\"@type\":\"ListItem\",\"position\":2,\"name\":\"PRENSA\"}]},{\"@type\":\"WebSite\",\"@id\":\"https:\/\/javierllanesguitar.com\/Clasico\/#website\",\"url\":\"https:\/\/javierllanesguitar.com\/Clasico\/\",\"name\":\"Javier Llanes - Guitarrista\",\"description\":\"Javier Llanes - Guitarrista\",\"potentialAction\":[{\"@type\":\"SearchAction\",\"target\":{\"@type\":\"EntryPoint\",\"urlTemplate\":\"https:\/\/javierllanesguitar.com\/Clasico\/?s={search_term_string}\"},\"query-input\":{\"@type\":\"PropertyValueSpecification\",\"valueRequired\":true,\"valueName\":\"search_term_string\"}}],\"inLanguage\":\"es\"}]}<\/script>\n<!-- \/ Yoast SEO plugin. -->","yoast_head_json":{"title":"PRENSA - Javier Llanes - Guitarrista","robots":{"index":"index","follow":"follow","max-snippet":"max-snippet:-1","max-image-preview":"max-image-preview:large","max-video-preview":"max-video-preview:-1"},"canonical":"https:\/\/javierllanesguitar.com\/Clasico\/prensa\/","og_locale":"es_ES","og_type":"article","og_title":"PRENSA - Javier Llanes - Guitarrista","og_description":"ACTIVA ORIHUELA 2025 &nbsp; &nbsp; TodoculturaVegaBaja 2025 &nbsp; &nbsp; INFO VEGABAJA 2025 &nbsp; &nbsp; TODOCULTURAVEGABAJA 2025 &nbsp; &nbsp; PRENSA ITALIANA [&hellip;]","og_url":"https:\/\/javierllanesguitar.com\/Clasico\/prensa\/","og_site_name":"Javier Llanes - Guitarrista","article_modified_time":"2025-10-22T10:01:35+00:00","og_image":[{"width":1179,"height":1324,"url":"https:\/\/javierllanesguitar.com\/Clasico\/wp-content\/uploads\/2025\/10\/IMG_0910.jpeg","type":"image\/jpeg"}],"twitter_card":"summary_large_image","twitter_misc":{"Tiempo de lectura":"4 minutos"},"schema":{"@context":"https:\/\/schema.org","@graph":[{"@type":"WebPage","@id":"https:\/\/javierllanesguitar.com\/Clasico\/prensa\/","url":"https:\/\/javierllanesguitar.com\/Clasico\/prensa\/","name":"PRENSA - Javier Llanes - Guitarrista","isPartOf":{"@id":"https:\/\/javierllanesguitar.com\/Clasico\/#website"},"primaryImageOfPage":{"@id":"https:\/\/javierllanesguitar.com\/Clasico\/prensa\/#primaryimage"},"image":{"@id":"https:\/\/javierllanesguitar.com\/Clasico\/prensa\/#primaryimage"},"thumbnailUrl":"https:\/\/javierllanesguitar.com\/Clasico\/wp-content\/uploads\/2025\/10\/IMG_0910.jpeg","datePublished":"2020-08-31T18:40:25+00:00","dateModified":"2025-10-22T10:01:35+00:00","breadcrumb":{"@id":"https:\/\/javierllanesguitar.com\/Clasico\/prensa\/#breadcrumb"},"inLanguage":"es","potentialAction":[{"@type":"ReadAction","target":["https:\/\/javierllanesguitar.com\/Clasico\/prensa\/"]}]},{"@type":"ImageObject","inLanguage":"es","@id":"https:\/\/javierllanesguitar.com\/Clasico\/prensa\/#primaryimage","url":"https:\/\/javierllanesguitar.com\/Clasico\/wp-content\/uploads\/2025\/10\/IMG_0910.jpeg","contentUrl":"https:\/\/javierllanesguitar.com\/Clasico\/wp-content\/uploads\/2025\/10\/IMG_0910.jpeg"},{"@type":"BreadcrumbList","@id":"https:\/\/javierllanesguitar.com\/Clasico\/prensa\/#breadcrumb","itemListElement":[{"@type":"ListItem","position":1,"name":"Portada","item":"https:\/\/javierllanesguitar.com\/Clasico\/"},{"@type":"ListItem","position":2,"name":"PRENSA"}]},{"@type":"WebSite","@id":"https:\/\/javierllanesguitar.com\/Clasico\/#website","url":"https:\/\/javierllanesguitar.com\/Clasico\/","name":"Javier Llanes - Guitarrista","description":"Javier Llanes - Guitarrista","potentialAction":[{"@type":"SearchAction","target":{"@type":"EntryPoint","urlTemplate":"https:\/\/javierllanesguitar.com\/Clasico\/?s={search_term_string}"},"query-input":{"@type":"PropertyValueSpecification","valueRequired":true,"valueName":"search_term_string"}}],"inLanguage":"es"}]}},"_links":{"self":[{"href":"https:\/\/javierllanesguitar.com\/Clasico\/wp-json\/wp\/v2\/pages\/2271","targetHints":{"allow":["GET"]}}],"collection":[{"href":"https:\/\/javierllanesguitar.com\/Clasico\/wp-json\/wp\/v2\/pages"}],"about":[{"href":"https:\/\/javierllanesguitar.com\/Clasico\/wp-json\/wp\/v2\/types\/page"}],"author":[{"embeddable":true,"href":"https:\/\/javierllanesguitar.com\/Clasico\/wp-json\/wp\/v2\/users\/1"}],"replies":[{"embeddable":true,"href":"https:\/\/javierllanesguitar.com\/Clasico\/wp-json\/wp\/v2\/comments?post=2271"}],"version-history":[{"count":54,"href":"https:\/\/javierllanesguitar.com\/Clasico\/wp-json\/wp\/v2\/pages\/2271\/revisions"}],"predecessor-version":[{"id":2850,"href":"https:\/\/javierllanesguitar.com\/Clasico\/wp-json\/wp\/v2\/pages\/2271\/revisions\/2850"}],"wp:attachment":[{"href":"https:\/\/javierllanesguitar.com\/Clasico\/wp-json\/wp\/v2\/media?parent=2271"}],"curies":[{"name":"wp","href":"https:\/\/api.w.org\/{rel}","templated":true}]}}