{"id":2276,"date":"2020-08-31T20:44:50","date_gmt":"2020-08-31T18:44:50","guid":{"rendered":"https:\/\/javierllanesguitar.com\/Clasico\/?page_id=2276"},"modified":"2026-05-10T20:19:04","modified_gmt":"2026-05-10T18:19:04","slug":"agenda","status":"publish","type":"page","link":"https:\/\/javierllanesguitar.com\/Clasico\/agenda\/","title":{"rendered":"AGENDA"},"content":{"rendered":"<p>[vc_row iron_row_type=\u00bbin_container\u00bb iron_remove_padding_medium=\u00bb\u00bb iron_remove_padding_small=\u00bb\u00bb iron_overlay_pattern=\u00bb\u00bb iron_parallax=\u00bb\u00bb iron_bg_video=\u00bb\u00bb][vc_column][vc_column_text]<\/p>\n<h4 style=\"text-align: center;\"><strong>2026<\/strong><\/h4>\n<ul>\n<li>24 al 31 julio &#8211; Masterclass XVIII Festival Internacional de Guitarra \u00abCiutat d\u2019Elx\u00bb.<\/li>\n<li>7 junio &#8211; Concierto guitarra cl\u00e1sica \u00abHomenaje a Manuel de Falla\u00bb junto con D\u00fao Tosca (clarinete y guitarra). Centre Social de L\u2019 Albir &#8211; Alicante). Hora: 12:00h. Precio entrada: 12\u20ac<\/li>\n<li>16 mayo &#8211; Concierto \u00abHomenaje a Manuel de Falla\u00bb \u00a0D\u00fao Tosca (clarinete, guitarra y danza). Teatro Romano (Cartagena). Hora: 20:00h. Entrada gratuita.<\/li>\n<li>11 mayo &#8211; Concierto guitarra cl\u00e1sica \u00abHomenaje a Manuel de Falla\u00bb junto con D\u00fao Tosca (clarinete y guitarra). Biblioteca P\u00fablica del Estado Fernando de Loazes (Orihuela- Alicante). Hora: 19:00h. Entrada gratuita.<\/li>\n<li>9 mayo &#8211; Concerto inaugurale della XXIV edizione di \u201cVille Aperte in Brianza\u201d. Desio &#8211; \u201cSpazio Stendhal\u201d di Villa Cusani Tittoni Traversi. Brianza Classica. (Lombard\u00eda-Italia) &#8211; Cuarteto M\u00fasica Espa\u00f1ola: viol\u00edn, guitarra y danza. Hora: 18:00H.<\/li>\n<\/ul>\n<h4 style=\"text-align: center;\"><strong>2025<\/strong><\/h4>\n<ul>\n<li>27 al 30 julio &#8211; Masterclass XVII Festival Internacional de Guitarra \u00abCiutat d\u2019Elx\u00bb.<\/li>\n<li>25 mayo &#8211; Concierto guitarra cl\u00e1sica \u00abEspa\u00f1a en seis cuerdas\u00bb. Centre Social de L\u2019 Albir &#8211; Alicante). Hora: 12:00h. Precio entrada: 12\u20ac<\/li>\n<li>20 mayo &#8211; Concierto guitarra cl\u00e1sica \u00abEspa\u00f1a en seis cuerdas\u00bb. Biblioteca P\u00fablica del Estado Fernando de Loazes (Orihuela- Alicante). Hora: 19:00h. Entrada gratuita.<\/li>\n<\/ul>\n<h4 style=\"text-align: center;\"><strong>2024<\/strong><\/h4>\n<ul>\n<li>13 diciembre &#8211; Conferencia \u00abM\u00fasicos olvidados\u00bb: Trinidad Huerta. Auditorio de La Lonja (Orihuela- Alicante). Hora: 19:00h.<\/li>\n<li>29 al 31 julio &#8211; Masterclass XVI Festival Internacional de Guitarra \u00abCiutat d\u2019Elx\u00bb.<\/li>\n<li>28 julio &#8211; Jurado en el Concurso Internacional de Guitarra Ciutat d\u2019Elx -Premio Calendura-<\/li>\n<\/ul>\n<h4 style=\"text-align: center;\"><strong>2023<\/strong><\/h4>\n<ul>\n<li>29 junio &#8211; XX Festival Internacional de M\u00fasica \u00abCiudad de La Rambla\u00bb (La Rambla (C\u00f3rdoba)-Espa\u00f1a) &#8211; Tr\u00edo M\u00fasica Espa\u00f1ola -Solo-D\u00fao-Tr\u00edo-<\/li>\n<li>28 junio &#8211; Auditorio Municipal de El P\u00f3sito. Hora 21:00h. (Linares (Ja\u00e9n)-Espa\u00f1a) &#8211; Tr\u00edo M\u00fasica Espa\u00f1ola -Solo-D\u00fao-Tr\u00edo-<\/li>\n<li>2 junio &#8211; M\u00e1s informaci\u00f3n en breve (Francia) &#8211; Cuarteto M\u00fasica Espa\u00f1ola -Solo-D\u00fao-danza-<\/li>\n<li>12-14 mayo &#8211; Masterclass Conservatorio di Verona \u00abEvaristo Felice Dall&#8217;Abaco\u00bb (Verona-Italia)<\/li>\n<li>1 mayo &#8211; XXI Festival Internacional de Guitarra de Hondarribia. Parador de turismo. Hora: 20:00h- D\u00fao Egea-Llanes (viol\u00edn-guitarra)<\/li>\n<li>14 abril &#8211;\u00a0Jurado en la XXV Edici\u00f3n 2023 \u201cEntre Cuerdas y Metales\u201d \u2013 Concurso de M\u00fasica Cl\u00e1sica para J\u00f3venes Int\u00e9rpretes de la Regi\u00f3n de Murcia &#8211; (Cartagena) &#8211; Final<\/li>\n<li>18 marzo &#8211; Jurado en la XXV Edici\u00f3n 2023 \u201cEntre Cuerdas y Metales\u201d \u2013 Concurso de M\u00fasica Cl\u00e1sica para J\u00f3venes Int\u00e9rpretes de la Regi\u00f3n de Murcia &#8211; (Cartagena) &#8211; Semifinal<\/li>\n<li>10 febrero &#8211; VI Festival Internacional de guitarra de Faro (Faro &#8211; Portugal). D\u00fao Palomares-Llanes (viol\u00edn-guitarra)<\/li>\n<\/ul>\n<h4 style=\"text-align: center;\"><strong>2022<\/strong><\/h4>\n<ul>\n<li>18 septiembre &#8211; 9\u00ba Festival Internacional de Guitarra de Lagoa (Algarve-Portugal). \u00a0D\u00fao Palomares-Llanes (viol\u00edn-guitarra)<\/li>\n<li>9 septiembre &#8211; M\u00e1s informaci\u00f3n en breve (Polonia). \u00a0D\u00fao Palomares-Llanes (viol\u00edn-guitarra) CANCELADO<\/li>\n<li>3 septiembre &#8211; 2\u00ba Festival Internacional de Guitarra de Fund\u00e3o (Portugal). \u00a0D\u00fao Palomares-Llanes (viol\u00edn-guitarra)<\/li>\n<li>21 agosto &#8211; XI\u00aa Noches po\u00e9tico-musicales. Fundaci\u00f3n Ithaca.\u00a0Hora: 20:30h (Altea-Espa\u00f1a) &#8211; D\u00fao Palomares-Llanes (viol\u00edn-guitarra)<\/li>\n<li>20 agosto &#8211; Finca el senyoret: 13\u00ba Veladas musicales. Hora: 21:30h \u00a0(L&#8217;Alf\u00e0s del Pi-Benidorm-Espa\u00f1a) &#8211; D\u00fao Palomares-Llanes (viol\u00edn-guitarra)<\/li>\n<li>9 agosto &#8211; Pescara International Music Festival Concerti sotto le stelle &#8211; 29 Edizione (Pescara &#8211; Italia) Cuarteto M\u00fasica Espa\u00f1ola -Solo-D\u00fao-danza-<\/li>\n<li>8 agosto &#8211; Evento Privado (Scafa- Italia) &#8211; Cuarteto M\u00fasica Espa\u00f1ola -Solo-D\u00fao-danza-<\/li>\n<li>7 agosto &#8211; Festival della Valle dell\u2019Orfento (Caramanico Terme &#8211; Italia) Cuarteto M\u00fasica Espa\u00f1ola -Solo-D\u00fao-danza-<\/li>\n<li>6 agosto &#8211; Festival \u00abTra note e Monti\u00bb 5\u00aa Ed.\u00a0(Pescasseroli &#8211; Italia) &#8211; Cuarteto M\u00fasica Espa\u00f1ola -Solo-D\u00fao-danza-<\/li>\n<li>29 julio &#8211; Jurado en el Concurso Internacional de Guitarra Ciutat d\u2019Elx -Premio Calendura-<\/li>\n<li>20 junio &#8211; \u00abLunes del Arco\u00bb Hora: 21:00h\u00a0(Ciudad Real-Espa\u00f1a) &#8211; D\u00fao Palomares-Llanes (viol\u00edn-guitarra)<\/li>\n<li>18 junio &#8211; Brianza Classica &#8211; XIX Edizione. (Mil\u00e1n-Italia) &#8211; D\u00fao Palomares-Llanes (viol\u00edn-guitarra) CANCELADO<\/li>\n<li>5 junio &#8211; M\u00e1s informaci\u00f3n en breve (Mil\u00e1n-Italia) &#8211; D\u00fao Palomares-Llanes (viol\u00edn-guitarra) CANCELADO<\/li>\n<li>25 mayo &#8211; Entrevista en el programa \u00abNuestra gente TV\u00bb (Orihuela).\u00a0<\/li>\n<li>17 abril &#8211;\u00a0M\u00e1s informaci\u00f3n en breve (Lago di Como &#8211; Italia) &#8211; Tr\u00edo M\u00fasica Espa\u00f1ola -Solo-D\u00fao-Tr\u00edo-<\/li>\n<\/ul>\n<h4 style=\"text-align: center;\"><strong>2021<\/strong><\/h4>\n<ul>\n<li>18 diciembre &#8211; Congreso Internacional de Pedagog\u00eda e Investigaci\u00f3n Performativa y Creatividad Musical (Oviedo-Asturias). Paraninfo.\u00a0Hora: 19:20h. D\u00fao Palomares-Llanes (viol\u00edn-guitarra)<\/li>\n<li>12\u00a0diciembre &#8211; Centro Social de l&#8217;Albir.\u00a0Hora: 12:00h &#8211; Tr\u00edo M\u00fasica Espa\u00f1ola -Solo-D\u00fao-Tr\u00edo-<\/li>\n<li>10\u00a0diciembre &#8211; Forum Mare Nostrum (L&#8217;Alf\u00e0s del Pi-Benidorm)\u00a0Hora: 19:00h &#8211; Tr\u00edo M\u00fasica Espa\u00f1ola -Solo-D\u00fao-Tr\u00edo-<\/li>\n<li>9 diciembre &#8211; Casa de la Cultura de Calp \u00abJaume Pastor i Fluix\u00e0\u00bb\u00a0(Calpe) Hora: 20:00h &#8211; Tr\u00edo M\u00fasica Espa\u00f1ola -Solo-D\u00fao-Tr\u00edo-<\/li>\n<li>27 noviembre &#8211; Sala Federico II Accademia Musicale Federiciana (Andria-Italia). Hora 20:30h &#8211; Tr\u00edo M\u00fasica Espa\u00f1ola -Solo-D\u00fao-Tr\u00edo-<\/li>\n<li>26 noviembre &#8211; Stagione Concertistica. Palazzo de Mari, Sala C. Colafemmina (Acquaviva delle Fonti-Italia). Hora: 20:00h &#8211; Tr\u00edo M\u00fasica Espa\u00f1ola -Solo-D\u00fao-Tr\u00edo-<\/li>\n<li>18 septiembre &#8211; Autunno Musicale Palazzolese 2021 -XXIX Edizione- Festival Internazionale. Auditorium San Fedele (Brescia-Italia) &#8211; Tr\u00edo M\u00fasica Espa\u00f1ola -Solo-D\u00fao-Tr\u00edo- 21:00h.<\/li>\n<li>6 agosto &#8211; El Faro de l&#8217;Albir (Alfaz del Pi)\u00a0&#8211; D\u00fao Giuseppe Nova y Javier Llanes (flauta-guitarra) Hora: 21:00.<\/li>\n<li>20 julio &#8211; Festival Musique et Patrimoine en Vienne et Gartempe, Sa\u00efnt-Savin (Bordeaux-Francia) &#8211; Tr\u00edo M\u00fasica Espa\u00f1ola -Solo-D\u00fao-Tr\u00edo- Entrada: 15\u20ac<\/li>\n<li>18 julio &#8211; Limoges (Francia) &#8211; Tr\u00edo M\u00fasica Espa\u00f1ola -Solo-D\u00fao-Tr\u00edo-<\/li>\n<li>17 julio &#8211; \u00abMusicales en Tricastin &#8211; Nuit du classique au flamenco\u00bb, Sa\u00efnt Paul Trois Ch\u00e2teaux (Avignon-Francia) Organiza: Divertimento &#8211; Tr\u00edo M\u00fasica Espa\u00f1ola -Solo-D\u00fao-Tr\u00edo- Entrada: 30\u20ac<\/li>\n<li>12 junio &#8211; M\u00e1s informaci\u00f3n en breve (Andaluc\u00eda) &#8211; D\u00fao Palomares-Llanes (viol\u00edn-guitarra) APLAZADO POR CRISIS COVID-19<\/li>\n<li>11 junio &#8211; M\u00e1s informaci\u00f3n en breve (Andaluc\u00eda) &#8211; D\u00fao Palomares-Llanes (viol\u00edn-guitarra) APLAZADO POR CRISIS COVID-19<\/li>\n<li>10 junio &#8211; M\u00e1s informaci\u00f3n en breve (Andaluc\u00eda) &#8211; D\u00fao Palomares-Llanes (viol\u00edn-guitarra) APLAZADO POR CRISIS COVID-19<\/li>\n<li>28 mayo &#8211; Festival Internacional de M\u00fasica \u00abCiudad de La Carolina\u00bb (La Carolina-Ja\u00e9n-) Lugar: Patio del Palacio del Intendente Olavide. En caso de inclemencias meteorol\u00f3gicas se celebrar\u00e1 en el Centro Cultural.\u00a0Entrada gratuita hasta completar aforo. D\u00fao Palomares-Llanes (viol\u00edn-guitarra)\u00a0<\/li>\n<li>14 mayo &#8211; Forum Mare Nostrum Ciclo <em>\u201cM\u00fasica al atardecer\u201d\u00a0<\/em>20:00h (L&#8217;Alf\u00e0s del Pi-Benidorm). Recital de guitarra cl\u00e1sica. Entrada: 7\u20ac<\/li>\n<\/ul>\n<p>&nbsp;<\/p>\n<h4 style=\"text-align: center;\"><strong>2020<\/strong><\/h4>\n<ul>\n<li>14 noviembre &#8211; Teatro Principal (Palencia). XVIII Festival Internacional de Guitarra de Palencia \u00abDiapas\u00f3n\u00bb. D\u00fao Palomares-Llanes (viol\u00edn-guitarra)<\/li>\n<li>14 noviembre &#8211; Festival Internazionale \u201cAutunno Musicale Palazzolese 2020\u201d XXVIII ed (Italia). Tr\u00edo M\u00fasica Espa\u00f1ola -Solo-D\u00fao-Tr\u00edo- APLAZADO POR CRISIS COVID-19<\/li>\n<li>13 noviembre &#8211; (Varese &#8211; Italia). D\u00fao Palomares-Llanes (viol\u00edn-guitarra) APLAZADO POR CRISIS COVID-19<\/li>\n<li>13 noviembre &#8211; Centro Cultural Caja de Burgos Fundaci\u00f3n (19:15h). Ateneo musical Mirand\u00e9s (Miranda del Ebro &#8211; Castilla y Le\u00f3n). D\u00fao Palomares-Llanes (viol\u00edn-guitarra)<\/li>\n<li>12 noviembre &#8211; Auditorio Casa de la Cultura (19:15h). Sociedad Filarm\u00f3nica Castellana (Aranda de Duero &#8211; Castilla y Le\u00f3n). D\u00fao Palomares-Llanes (viol\u00edn-guitarra)<\/li>\n<li>30 agosto &#8211; LakeComo International Music Festival (Lago Di Como &#8211; Italia) D\u00fao Palomares-Llanes (viol\u00edn-guitarra)<\/li>\n<li>28 agosto &#8211; Festival Correnti del Nera 2020 (Montefranco &#8211; Roma- (Italia)) Tr\u00edo M\u00fasica Espa\u00f1ola -Solo-D\u00fao-Tr\u00edo-<\/li>\n<li>22 agosto &#8211; X Festival de Mu\u0301sica <em>\u201cMorella Sonora\u201d <\/em>(Morella-Castello\u0301n).<\/li>\n<li>11 agosto &#8211; Festival delle citt\u00e0 medieval 2020 (Paliano &#8211; Italia) Tr\u00edo M\u00fasica Espa\u00f1ola -Solo-D\u00fao-Tr\u00edo-<\/li>\n<li>10 agosto &#8211; Festival Musicale \u201cE lucevan le stele\u2026\u201d (Villa di Papiano &#8211; (Italia).) Tr\u00edo M\u00fasica Espa\u00f1ola -Solo-D\u00fao-Tr\u00edo-<\/li>\n<li>8 agosto &#8211; Festival della Valle dell\u2019Orfento (Caramanico Terme &#8211; Italia) Tr\u00edo M\u00fasica Espa\u00f1ola -Solo-D\u00fao-Tr\u00edo-<\/li>\n<li>7 agosto &#8211; Pescara International Music Festival Concerti sotto le stelle &#8211; 27 Edizione (Pescara &#8211; Italia) &#8211; Tr\u00edo M\u00fasica Espa\u00f1ola -Solo-D\u00fao-Tr\u00edo-<\/li>\n<li>1 agosto &#8211; XVIII Festival Internacional de Guitarra de Hondarribia &#8211; D\u00fao Palomares-Llanes (viol\u00edn-guitarra)<\/li>\n<li>31 julio &#8211; Jurado en el Concurso Internacional de Guitarra Ciutat D\u2019Elx -Premio Calendura- APLAZADO POR CRISIS COVID-19<\/li>\n<li>27-29 julio &#8211; Masterclass Conservatorio di Musica \u201cF. Cilea\u201d (Reggio Calabria &#8211; Italia) APLAZADO POR CRISIS COVID-19<\/li>\n<li>20-23 julio &#8211; Masterclass \u201cV Curso de verano Villa de Cox\u201d (Alicante) APLAZADO POR CRISIS COVID-19<\/li>\n<li>8-9 julio &#8211; D\u00fao Palomares-Llanes -viol\u00edn-guitarra- (Cerdegna \u2013 Italia) APLAZADO POR CRISIS COVID-19<\/li>\n<li>4-5-6 junio &#8211; D\u00fao Palomares-Llanes -viol\u00edn-guitarra- (Andaluc\u00eda &#8211; Espa\u00f1a) APLAZADO POR CRISIS COVID-19<\/li>\n<li>30 mayo &#8211; D\u00fao Palomares-Llanes -viol\u00edn-guitarra- (Trieste &#8211; Italia) APLAZADO POR CRISIS COVID-19<\/li>\n<li>23 mayo &#8211; Tr\u00edo M\u00fasica Espa\u00f1ola -Solo-D\u00fao-Tr\u00edo- (Terni &#8211; Italia) APLAZADO POR CRISIS COVID-19<\/li>\n<li>22 mayo &#8211; Tr\u00edo M\u00fasica Espa\u00f1ola -Solo-D\u00fao-Tr\u00edo- (Tortona &#8211; Italia) APLAZADO POR CRISIS COVID-19<\/li>\n<li>17 mayo &#8211; D\u00fao Palomares-Llanes -viol\u00edn-guitarra- (L\u2019Albir &#8211; Alicante) APLAZADO POR CRISIS COVID-19<\/li>\n<li>2-5 marzo &#8211; Masterclass Conservatorio Profesional (Campo Criptana\/Alc\u00e1zar de San Juan &#8211; Ciudad Real)<\/li>\n<li>15 febrero &#8211; XXXIII Semana Musical Internacional \u201cVicente Lillo C\u00e1novas\u201d. (Auditorio de San Vicente del Raspeig &#8211; Alicante). Equinox Tr\u00edo<\/li>\n<\/ul>\n<h2>\u00a0<\/h2>\n<h4 style=\"text-align: center;\"><strong>2019<\/strong><\/h4>\n<ul>\n<li>29 septiembre &#8211; Sala Bramante presso Bcc.<em> Inconcerto<\/em> XVI Edizione. (San Giovanni &#8211; Italia) D\u00fao Palomares-Llanes -viol\u00edn-guitarra-<\/li>\n<li>26 marzo &#8211; Aula de Cultura de la Fundaci\u00f3n CajaMurcia. <em>Concierto 100 a\u00f1os del CSMM. <\/em>D\u00fao Mandolina-Guitarra (Murcia)<\/li>\n<li>22-26 julio &#8211; Masterclass \u201cIV Curso de verano Villa de Cox\u201d (Alicante)<\/li>\n<\/ul>\n<h2>\u00a0<\/h2>\n<h4 style=\"text-align: center;\"><strong>2018<\/strong><\/h4>\n<ul>\n<li>5 agosto &#8211; Teatro della pietra. Alba Music Festival. (Bergolo &#8211; Italia) D\u00fao Palomares-Llanes -viol\u00edn-guitarra-<\/li>\n<li>1 agosto &#8211; Grabaci\u00f3n disco <em>\u201cEquinoccio\u201d<\/em> de Gumersindo Bern\u00e1 &#8211; EQUINOX TR\u00cdO<\/li>\n<li>22 febrero &#8211; Forum Mare Nostrum Ciclo <em>\u201cM\u00fasica al atardecer\u201d<\/em> (L\u2019Alf\u00e0s del Pi &#8211; Benidorm) Entrada: 7\u20ac<\/li>\n<\/ul>\n<h2>\u00a0<\/h2>\n<h4 style=\"text-align: center;\"><strong>2017<\/strong><\/h4>\n<ul>\n<li>21 noviembre &#8211; Teatro G\u00f3ngora (C\u00f3rdoba) Entrada: 10\u20ac<\/li>\n<li>12 agosto &#8211; Finca el senyoret: 10as Veladas musicales (L\u2019Alf\u00e0s del Pi &#8211; Benidorm)<\/li>\n<li>2 junio &#8211; Conservatorio de M\u00fasica Isaac Alb\u00e9niz de Cabra. (Cabra &#8211; C\u00f3rdoba) D\u00fao Palomares-Llanes -viol\u00edn-guitarra-<\/li>\n<li>1 junio &#8211; Patio interior Ayuntamiento de And\u00fajar. VI Ruta de los Patios y Plazas. (And\u00fajar &#8211; Ja\u00e9n) D\u00fao Palomares-Llanes -viol\u00edn-guitarra-<\/li>\n<li>30 abril &#8211; Auditorio Municipal de Benej\u00fazar (Benej\u00fazar &#8211; Alicante)<\/li>\n<li>21 abril &#8211; Aula CajaMediterr\u00e1neo: <em>\u201cLos motivos del viento\u201d <\/em>Concierto homenaje Miguel Hern\u00e1ndez (Orihuela &#8211; Alicante)<\/li>\n<li>28 marzo &#8211; Teatro Romea. Concierto Ben\u00e9fico contra Fibrosis Qu\u00edstica junto a OPGRM. (Murcia)<\/li>\n<li>8 febrero &#8211; Real Academia de Bellas Artes Santa M\u00aa de la Arrixaca (Murcia)<\/li>\n<\/ul>\n<h2>\u00a0<\/h2>\n<h4 style=\"text-align: center;\"><strong>2016<\/strong><\/h4>\n<ul>\n<li>30 abril &#8211; Joventuts Musicals de Xixona. Solista con Orquesta de pulso y p\u00faa (Jijona &#8211; Alicante)<\/li>\n<li>25 febrero &#8211; Monasterio de los Jer\u00f3nimos -UCAM- (Murcia)<\/li>\n<li>4 febrero &#8211; Real Academia de Bellas Artes Santa M\u00aa de la Arrixaca (Murcia)<\/li>\n<\/ul>\n<h2>\u00a0<\/h2>\n<h4 style=\"text-align: center;\"><strong>2015<\/strong><\/h4>\n<ul>\n<li>11 diciembre &#8211; Aula de cultura de Crevillente \u201cGuitarra cl\u00e1sica la gran (des) conocida\u201d. (Crevillente &#8211; Alicante)<\/li>\n<li>30 octubre &#8211; Aula de cultura de Crevillente \u201c1,2,3\u2026GUITARRA\u201d (Crevillente &#8211; Alicante)<\/li>\n<li>7 octubre &#8211; <em>\u201cEncuentro de dos guiris en Espa\u00f1a\u201d <\/em>Ateneo Cultural Casino Orcelitano (Orihuela &#8211; Alicante)<\/li>\n<li>16 junio &#8211; Auditorio de la Diputaci\u00f3n de Alicante (ADDA)<\/li>\n<li>22 mayo &#8211; Centre Polivalent Carr\u00fas (Elche)<\/li>\n<li>19 abril &#8211; \u201cLa Cochera\u201d -PRIVADO- (Orihuela &#8211; Alicante)<\/li>\n<\/ul>\n<p>\u00a0 \u00a0 \u00a0 [\/vc_column_text][\/vc_column][\/vc_row]<\/p>\n","protected":false},"excerpt":{"rendered":"[vc_row iron_row_type=\"in_container\" iron_remove_padding_medium=\"\" iron_remove_padding_small=\"\" iron_overlay_pattern=\"\" iron_parallax=\"\" iron_bg_video=\"\"][vc_column][vc_column_text] 2026 24 al 31 julio - Masterclass XVIII Festival Internacional de Guitarra \"Ciutat [...]","protected":false},"author":1,"featured_media":0,"parent":0,"menu_order":0,"comment_status":"closed","ping_status":"closed","template":"","meta":{"footnotes":""},"class_list":["post-2276","page","type-page","status-publish","hentry"],"yoast_head":"<!-- This site is optimized with the Yoast SEO plugin v26.5 - https:\/\/yoast.com\/wordpress\/plugins\/seo\/ -->\n<title>AGENDA - Javier Llanes - Guitarrista<\/title>\n<meta name=\"robots\" content=\"index, follow, max-snippet:-1, max-image-preview:large, max-video-preview:-1\" \/>\n<link rel=\"canonical\" href=\"https:\/\/javierllanesguitar.com\/Clasico\/agenda\/\" \/>\n<meta property=\"og:locale\" content=\"es_ES\" \/>\n<meta property=\"og:type\" content=\"article\" \/>\n<meta property=\"og:title\" content=\"AGENDA - Javier Llanes - Guitarrista\" \/>\n<meta property=\"og:url\" content=\"https:\/\/javierllanesguitar.com\/Clasico\/agenda\/\" \/>\n<meta property=\"og:site_name\" content=\"Javier Llanes - Guitarrista\" \/>\n<meta property=\"article:modified_time\" content=\"2026-05-10T18:19:04+00:00\" \/>\n<meta name=\"twitter:card\" content=\"summary_large_image\" \/>\n<meta name=\"twitter:label1\" content=\"Tiempo de lectura\" \/>\n\t<meta name=\"twitter:data1\" content=\"7 minutos\" \/>\n<script type=\"application\/ld+json\" class=\"yoast-schema-graph\">{\"@context\":\"https:\/\/schema.org\",\"@graph\":[{\"@type\":\"WebPage\",\"@id\":\"https:\/\/javierllanesguitar.com\/Clasico\/agenda\/\",\"url\":\"https:\/\/javierllanesguitar.com\/Clasico\/agenda\/\",\"name\":\"AGENDA - Javier Llanes - Guitarrista\",\"isPartOf\":{\"@id\":\"https:\/\/javierllanesguitar.com\/Clasico\/#website\"},\"datePublished\":\"2020-08-31T18:44:50+00:00\",\"dateModified\":\"2026-05-10T18:19:04+00:00\",\"breadcrumb\":{\"@id\":\"https:\/\/javierllanesguitar.com\/Clasico\/agenda\/#breadcrumb\"},\"inLanguage\":\"es\",\"potentialAction\":[{\"@type\":\"ReadAction\",\"target\":[\"https:\/\/javierllanesguitar.com\/Clasico\/agenda\/\"]}]},{\"@type\":\"BreadcrumbList\",\"@id\":\"https:\/\/javierllanesguitar.com\/Clasico\/agenda\/#breadcrumb\",\"itemListElement\":[{\"@type\":\"ListItem\",\"position\":1,\"name\":\"Portada\",\"item\":\"https:\/\/javierllanesguitar.com\/Clasico\/\"},{\"@type\":\"ListItem\",\"position\":2,\"name\":\"AGENDA\"}]},{\"@type\":\"WebSite\",\"@id\":\"https:\/\/javierllanesguitar.com\/Clasico\/#website\",\"url\":\"https:\/\/javierllanesguitar.com\/Clasico\/\",\"name\":\"Javier Llanes - Guitarrista\",\"description\":\"Javier Llanes - Guitarrista\",\"potentialAction\":[{\"@type\":\"SearchAction\",\"target\":{\"@type\":\"EntryPoint\",\"urlTemplate\":\"https:\/\/javierllanesguitar.com\/Clasico\/?s={search_term_string}\"},\"query-input\":{\"@type\":\"PropertyValueSpecification\",\"valueRequired\":true,\"valueName\":\"search_term_string\"}}],\"inLanguage\":\"es\"}]}<\/script>\n<!-- \/ Yoast SEO plugin. -->","yoast_head_json":{"title":"AGENDA - Javier Llanes - Guitarrista","robots":{"index":"index","follow":"follow","max-snippet":"max-snippet:-1","max-image-preview":"max-image-preview:large","max-video-preview":"max-video-preview:-1"},"canonical":"https:\/\/javierllanesguitar.com\/Clasico\/agenda\/","og_locale":"es_ES","og_type":"article","og_title":"AGENDA - Javier Llanes - Guitarrista","og_url":"https:\/\/javierllanesguitar.com\/Clasico\/agenda\/","og_site_name":"Javier Llanes - Guitarrista","article_modified_time":"2026-05-10T18:19:04+00:00","twitter_card":"summary_large_image","twitter_misc":{"Tiempo de lectura":"7 minutos"},"schema":{"@context":"https:\/\/schema.org","@graph":[{"@type":"WebPage","@id":"https:\/\/javierllanesguitar.com\/Clasico\/agenda\/","url":"https:\/\/javierllanesguitar.com\/Clasico\/agenda\/","name":"AGENDA - Javier Llanes - Guitarrista","isPartOf":{"@id":"https:\/\/javierllanesguitar.com\/Clasico\/#website"},"datePublished":"2020-08-31T18:44:50+00:00","dateModified":"2026-05-10T18:19:04+00:00","breadcrumb":{"@id":"https:\/\/javierllanesguitar.com\/Clasico\/agenda\/#breadcrumb"},"inLanguage":"es","potentialAction":[{"@type":"ReadAction","target":["https:\/\/javierllanesguitar.com\/Clasico\/agenda\/"]}]},{"@type":"BreadcrumbList","@id":"https:\/\/javierllanesguitar.com\/Clasico\/agenda\/#breadcrumb","itemListElement":[{"@type":"ListItem","position":1,"name":"Portada","item":"https:\/\/javierllanesguitar.com\/Clasico\/"},{"@type":"ListItem","position":2,"name":"AGENDA"}]},{"@type":"WebSite","@id":"https:\/\/javierllanesguitar.com\/Clasico\/#website","url":"https:\/\/javierllanesguitar.com\/Clasico\/","name":"Javier Llanes - Guitarrista","description":"Javier Llanes - Guitarrista","potentialAction":[{"@type":"SearchAction","target":{"@type":"EntryPoint","urlTemplate":"https:\/\/javierllanesguitar.com\/Clasico\/?s={search_term_string}"},"query-input":{"@type":"PropertyValueSpecification","valueRequired":true,"valueName":"search_term_string"}}],"inLanguage":"es"}]}},"_links":{"self":[{"href":"https:\/\/javierllanesguitar.com\/Clasico\/wp-json\/wp\/v2\/pages\/2276","targetHints":{"allow":["GET"]}}],"collection":[{"href":"https:\/\/javierllanesguitar.com\/Clasico\/wp-json\/wp\/v2\/pages"}],"about":[{"href":"https:\/\/javierllanesguitar.com\/Clasico\/wp-json\/wp\/v2\/types\/page"}],"author":[{"embeddable":true,"href":"https:\/\/javierllanesguitar.com\/Clasico\/wp-json\/wp\/v2\/users\/1"}],"replies":[{"embeddable":true,"href":"https:\/\/javierllanesguitar.com\/Clasico\/wp-json\/wp\/v2\/comments?post=2276"}],"version-history":[{"count":137,"href":"https:\/\/javierllanesguitar.com\/Clasico\/wp-json\/wp\/v2\/pages\/2276\/revisions"}],"predecessor-version":[{"id":2869,"href":"https:\/\/javierllanesguitar.com\/Clasico\/wp-json\/wp\/v2\/pages\/2276\/revisions\/2869"}],"wp:attachment":[{"href":"https:\/\/javierllanesguitar.com\/Clasico\/wp-json\/wp\/v2\/media?parent=2276"}],"curies":[{"name":"wp","href":"https:\/\/api.w.org\/{rel}","templated":true}]}}