{"id":304,"date":"2014-02-11T17:27:30","date_gmt":"2014-02-11T17:27:30","guid":{"rendered":"http:\/\/max.irontemplates.com\/?page_id=304"},"modified":"2026-02-03T18:34:59","modified_gmt":"2026-02-03T16:34:59","slug":"biografia","status":"publish","type":"page","link":"https:\/\/javierllanesguitar.com\/Clasico\/biografia\/","title":{"rendered":"Biograf\u00eda"},"content":{"rendered":"<p>[vc_row iron_row_type=\u00bbin_container\u00bb iron_remove_padding_medium=\u00bb\u00bb iron_remove_padding_small=\u00bb\u00bb iron_overlay_pattern=\u00bb\u00bb iron_parallax=\u00bb\u00bb iron_bg_video=\u00bb\u00bb][vc_column][vc_single_image image=\u00bb2190&#8243; img_size=\u00bb1144&#215;400&#8243; alignment=\u00bbcenter\u00bb][\/vc_column][\/vc_row][vc_row gap=\u00bb30&#8243; iron_row_type=\u00bbin_container\u00bb iron_remove_padding_medium=\u00bb\u00bb iron_remove_padding_small=\u00bb\u00bb iron_overlay_pattern=\u00bb\u00bb iron_parallax=\u00bb\u00bb iron_bg_video=\u00bb\u00bb css=\u00bb.vc_custom_1471469429825{padding-bottom: 70px !important;}\u00bb][vc_column][vc_column_text]<\/p>\n<h2 style=\"text-align: center;\">Javier Llanes<\/h2>\n<p style=\"text-align: center;\"><em>-Classical Guitarist-<\/em><\/p>\n<p style=\"text-align: center;\"><strong>\u00a0<\/strong><br \/>\n<em>\u201cUn gran talento. Sus extraordinarias cualidades como guitarrista y un valioso concepto musical convergen siempre en unas interpretaciones distinguidas\u201d.<\/em><\/p>\n<p style=\"text-align: right;\"><em>\u00a0<\/em><strong>Ignacio Rodes<\/strong><\/p>\n<p><strong>\u00a0<\/strong><\/p>\n<p>&nbsp;<\/p>\n<p style=\"text-align: justify;\">Javier Llanes cautiva a su p\u00fablico a trav\u00e9s de su sensibilidad, carisma, innata musicalidad y virtuosismo, hecho que sit\u00faa a este artista entre \u201c<em>uno de los grandes exponentes de las generaciones m\u00e1s j\u00f3venes de guitarristas espa\u00f1oles.\u201d <\/em>\u00a0(Guitarras Contreras, 2017).<\/p>\n<p style=\"text-align: justify;\">Como solista destaca, sin lugar a dudas, por su versatilidad, incluyendo en su repertorio m\u00fasica que viaja desde el Renacimiento hasta las \u00faltimas p\u00e1ginas de autores contempor\u00e1neos. Fruto de esta cualidad, a lo largo de su carrera ha sido integrante de numerosas formaciones camer\u00edsticas. En 2018, graba el disco <em>Equinoccio<\/em> junto al clarinetista Gumersindo Bern\u00e1 y el percusionista Enrique Gonz\u00e1lez, adem\u00e1s de formar junto a ellos la agrupaci\u00f3n con tintes jazz\u00edsticos, Equinox Tr\u00edo. Asimismo, es componente del d\u00fao Palomares-Llanes (viol\u00edn y guitarra), quienes ofrecen su arte tanto dentro del panorama nacional como internacional, actuando en distintos pa\u00edses como Italia, Francia, Portugal, Polonia&#8230;<\/p>\n<p style=\"text-align: justify;\">Javier Llanes nace en Orihuela (Alicante). Su afici\u00f3n por la m\u00fasica y sobre todo por la guitarra comienza a muy temprana edad, pero no es hasta sus 13 a\u00f1os de edad cuando se consolida al iniciar sus estudios musicales en el conservatorio, donde es avanzado de curso en diversas ocasiones por su alto nivel y facilidad musical. En 2014 finaliza los estudios superiores de guitarra con los m\u00e1ximos honores en el Conservatorio Superior de M\u00fasica de Murcia, bajo la tutela de Carmen Mar\u00eda Ros. Al a\u00f1o siguiente, cursa en Alicante el m\u00e1ster de Interpretaci\u00f3n e Investigaci\u00f3n de la M\u00fasica con el guitarrista Ignacio Rodes, finalizando con las m\u00e1s altas calificaciones. Adem\u00e1s, se ha perfeccionado con artistas como Leo Brouwer, David Russell, \u00c1lvaro Pierri, Manuel Barrueco, Gallardo del Rey y Margarita Escarpa, entre muchos otros. Su inter\u00e9s por la m\u00fasica flamenca tambi\u00e9n le lleva a recibir clases con guitarristas de la talla de \u00d3scar Herrero.<\/p>\n<p style=\"text-align: justify;\">Su talento ha sido reconocido en diversos concursos, entre los que cabe destacar el primer premio en el <em>VIII Concurso Internacional de Guitarra Ciutat d\u2019Elx<\/em> (Premio Calendura). A\u00f1os m\u00e1s tarde, en 2013 queda finalista en el <em>XII Concurso Internacional de Guitarra \u201cJos\u00e9 Tom\u00e1s Villa de Petrer\u201d<\/em> (Categor\u00eda juvenil). No limitando su actividad al \u00e1mbito solista, fue igualmente premiado en el <em>I Concurso Internacional de M\u00fasica de C\u00e1mara con Guitarra Ciutat d\u2019Elx<\/em>. En 2019, obtuvo el <em>Premio Especial al Mejor Int\u00e9rprete de M\u00fasica Espa\u00f1ola del XXVI Concurso Nacional de Interpretaci\u00f3n \u201cVilla de Cox\u201d. <\/em>Recientemente, ha sido galardonado con doble Medalla de Plata (en las categor\u00edas de Instrumentalist y Music Video) en los prestigiosos <em>Global Music Awards <\/em>(California, EE. UU.), uno de los cert\u00e1menes m\u00e1s importantes de la industria musical independiente a nivel internacional.<\/p>\n<p style=\"text-align: justify;\">Su carrera concert\u00edstica le ha llevado a actuar en renombrados festivales como el Festival Internacional de Guitarra <em>Ciutat d\u2019Elx<\/em>, la Asociaci\u00f3n Amigos de la Guitarra Cl\u00e1sica Miguel Barber\u00e1, el Festival Internacional de Guitarra de Hondarribia<em>, <\/em>el Festival Internacional de Guitarra de Palencia, el LakeComo International Music Festival (Italia), Alba Music Festival (Italia), el Festival Musique et Patrimoine en Vienne et Gartempe, Sa\u00efnt-Savin (Francia) o el Festival Internacional de Guitarra de Fundao (Portugal) y en importantes escenarios como el Teatro Romea, el Teatro Principal de Palencia, el Auditorio de la Diputaci\u00f3n de Alicante (ADDA) o el Teatro G\u00f3ngora de C\u00f3rdoba, entre otros.<\/p>\n<p style=\"text-align: justify;\">A su vez, compagina su labor como concertista con la docencia, consider\u00e1ndola un pilar fundamental en su formaci\u00f3n como m\u00fasico. Como docente, ha desarrollado su profesi\u00f3n en el Conservatorio Superior de M\u00fasica de Murcia \u00abMassotti\u00bb y en 2023, obtiene plaza como catedr\u00e1tico de guitarra en el Real Conservatorio Superior de M\u00fasica de Madrid, donde ejerce en la actualidad.<\/p>\n<p style=\"text-align: justify;\">Javier Llanes emplea una guitarra de la firma Manuel Contreras II (Doble Tapa-Serie Premium) y una guitarra rom\u00e1ntica copia de una Petit Jean francesa del siglo XIX, de manufactura del luthier belga Daniel Bernaert.<\/p>\n<p>&nbsp;<\/p>\n<h1><a href=\"https:\/\/javierllanesguitar.com\/Clasico\/wp-content\/uploads\/2023\/08\/Dossier-2023-Llanes.pdf\" download=\"Dossier\"><strong>Dossier del artista<\/strong><br \/>\n<\/a><\/h1>\n<p>&nbsp;<\/p>\n<p style=\"text-align: center;\"><em>\u201cConstruir instrumentos de concierto tiene esa especial recompensa diaria de poder disfrutar el resultado de tu trabajo en las manos de grandes instrumentistas. Pero ese regalo es especialmente satisfactorio cuando tienes el privilegio de poder seguir la trayectoria del crecimiento de un joven guitarrista junto a su guitarra. El proceso de mutuo conocimiento, de maduraci\u00f3n t\u00e9cnica y expresiva que extrae los colores, la potencia y los matices de la madera hecha guitarra para llegar a lo que hoy ya es Javier Llanes. Un gran guitarrista, un m\u00fasico maduro, inquieto y polifac\u00e9tico. Un verdadero placer poder escuchar nuestra guitarra en sus manos.\u201d<\/em><\/p>\n<p style=\"text-align: right;\"><strong>Victoria Velasco<\/strong><\/p>\n<p>[\/vc_column_text][\/vc_column][\/vc_row]<\/p>\n","protected":false},"excerpt":{"rendered":"<p>[vc_row iron_row_type=\u00bbin_container\u00bb iron_remove_padding_medium=\u00bb\u00bb iron_remove_padding_small=\u00bb\u00bb iron_overlay_pattern=\u00bb\u00bb iron_parallax=\u00bb\u00bb iron_bg_video=\u00bb\u00bb][vc_column][vc_single_image image=\u00bb2190&#8243; img_size=\u00bb1144&#215;400&#8243; alignment=\u00bbcenter\u00bb][\/vc_column][\/vc_row][vc_row gap=\u00bb30&#8243; iron_row_type=\u00bbin_container\u00bb iron_remove_padding_medium=\u00bb\u00bb iron_remove_padding_small=\u00bb\u00bb iron_overlay_pattern=\u00bb\u00bb iron_parallax=\u00bb\u00bb iron_bg_video=\u00bb\u00bb css=\u00bb.vc_custom_1471469429825{padding-bottom: 70px !important;}\u00bb][vc_column][vc_column_text] [&hellip;]<\/p>\n","protected":false},"author":1,"featured_media":0,"parent":0,"menu_order":9,"comment_status":"open","ping_status":"open","template":"","meta":{"footnotes":""},"class_list":["post-304","page","type-page","status-publish","hentry"],"yoast_head":"<!-- This site is optimized with the Yoast SEO plugin v26.5 - https:\/\/yoast.com\/wordpress\/plugins\/seo\/ -->\n<title>Biograf\u00eda - Javier Llanes - Guitarrista<\/title>\n<meta name=\"robots\" content=\"index, follow, max-snippet:-1, max-image-preview:large, max-video-preview:-1\" \/>\n<link rel=\"canonical\" href=\"https:\/\/javierllanesguitar.com\/Clasico\/biografia\/\" \/>\n<meta property=\"og:locale\" content=\"es_ES\" \/>\n<meta property=\"og:type\" content=\"article\" \/>\n<meta property=\"og:title\" content=\"Biograf\u00eda - Javier Llanes - Guitarrista\" \/>\n<meta property=\"og:description\" content=\"[vc_row iron_row_type=\u00bbin_container\u00bb iron_remove_padding_medium=\u00bb\u00bb iron_remove_padding_small=\u00bb\u00bb iron_overlay_pattern=\u00bb\u00bb iron_parallax=\u00bb\u00bb iron_bg_video=\u00bb\u00bb][vc_column][vc_single_image image=\u00bb2190&#8243; img_size=\u00bb1144&#215;400&#8243; alignment=\u00bbcenter\u00bb][\/vc_column][\/vc_row][vc_row gap=\u00bb30&#8243; iron_row_type=\u00bbin_container\u00bb iron_remove_padding_medium=\u00bb\u00bb iron_remove_padding_small=\u00bb\u00bb iron_overlay_pattern=\u00bb\u00bb iron_parallax=\u00bb\u00bb iron_bg_video=\u00bb\u00bb css=\u00bb.vc_custom_1471469429825{padding-bottom: 70px !important;}\u00bb][vc_column][vc_column_text] [&hellip;]\" \/>\n<meta property=\"og:url\" content=\"https:\/\/javierllanesguitar.com\/Clasico\/biografia\/\" \/>\n<meta property=\"og:site_name\" content=\"Javier Llanes - Guitarrista\" \/>\n<meta property=\"article:modified_time\" content=\"2026-02-03T16:34:59+00:00\" \/>\n<meta name=\"twitter:card\" content=\"summary_large_image\" \/>\n<meta name=\"twitter:label1\" content=\"Tiempo de lectura\" \/>\n\t<meta name=\"twitter:data1\" content=\"4 minutos\" \/>\n<script type=\"application\/ld+json\" class=\"yoast-schema-graph\">{\"@context\":\"https:\/\/schema.org\",\"@graph\":[{\"@type\":\"WebPage\",\"@id\":\"https:\/\/javierllanesguitar.com\/Clasico\/biografia\/\",\"url\":\"https:\/\/javierllanesguitar.com\/Clasico\/biografia\/\",\"name\":\"Biograf\u00eda - Javier Llanes - Guitarrista\",\"isPartOf\":{\"@id\":\"https:\/\/javierllanesguitar.com\/Clasico\/#website\"},\"datePublished\":\"2014-02-11T17:27:30+00:00\",\"dateModified\":\"2026-02-03T16:34:59+00:00\",\"breadcrumb\":{\"@id\":\"https:\/\/javierllanesguitar.com\/Clasico\/biografia\/#breadcrumb\"},\"inLanguage\":\"es\",\"potentialAction\":[{\"@type\":\"ReadAction\",\"target\":[\"https:\/\/javierllanesguitar.com\/Clasico\/biografia\/\"]}]},{\"@type\":\"BreadcrumbList\",\"@id\":\"https:\/\/javierllanesguitar.com\/Clasico\/biografia\/#breadcrumb\",\"itemListElement\":[{\"@type\":\"ListItem\",\"position\":1,\"name\":\"Portada\",\"item\":\"https:\/\/javierllanesguitar.com\/Clasico\/\"},{\"@type\":\"ListItem\",\"position\":2,\"name\":\"Biograf\u00eda\"}]},{\"@type\":\"WebSite\",\"@id\":\"https:\/\/javierllanesguitar.com\/Clasico\/#website\",\"url\":\"https:\/\/javierllanesguitar.com\/Clasico\/\",\"name\":\"Javier Llanes - Guitarrista\",\"description\":\"Javier Llanes - Guitarrista\",\"potentialAction\":[{\"@type\":\"SearchAction\",\"target\":{\"@type\":\"EntryPoint\",\"urlTemplate\":\"https:\/\/javierllanesguitar.com\/Clasico\/?s={search_term_string}\"},\"query-input\":{\"@type\":\"PropertyValueSpecification\",\"valueRequired\":true,\"valueName\":\"search_term_string\"}}],\"inLanguage\":\"es\"}]}<\/script>\n<!-- \/ Yoast SEO plugin. -->","yoast_head_json":{"title":"Biograf\u00eda - Javier Llanes - Guitarrista","robots":{"index":"index","follow":"follow","max-snippet":"max-snippet:-1","max-image-preview":"max-image-preview:large","max-video-preview":"max-video-preview:-1"},"canonical":"https:\/\/javierllanesguitar.com\/Clasico\/biografia\/","og_locale":"es_ES","og_type":"article","og_title":"Biograf\u00eda - Javier Llanes - Guitarrista","og_description":"[vc_row iron_row_type=\u00bbin_container\u00bb iron_remove_padding_medium=\u00bb\u00bb iron_remove_padding_small=\u00bb\u00bb iron_overlay_pattern=\u00bb\u00bb iron_parallax=\u00bb\u00bb iron_bg_video=\u00bb\u00bb][vc_column][vc_single_image image=\u00bb2190&#8243; img_size=\u00bb1144&#215;400&#8243; alignment=\u00bbcenter\u00bb][\/vc_column][\/vc_row][vc_row gap=\u00bb30&#8243; iron_row_type=\u00bbin_container\u00bb iron_remove_padding_medium=\u00bb\u00bb iron_remove_padding_small=\u00bb\u00bb iron_overlay_pattern=\u00bb\u00bb iron_parallax=\u00bb\u00bb iron_bg_video=\u00bb\u00bb css=\u00bb.vc_custom_1471469429825{padding-bottom: 70px !important;}\u00bb][vc_column][vc_column_text] [&hellip;]","og_url":"https:\/\/javierllanesguitar.com\/Clasico\/biografia\/","og_site_name":"Javier Llanes - Guitarrista","article_modified_time":"2026-02-03T16:34:59+00:00","twitter_card":"summary_large_image","twitter_misc":{"Tiempo de lectura":"4 minutos"},"schema":{"@context":"https:\/\/schema.org","@graph":[{"@type":"WebPage","@id":"https:\/\/javierllanesguitar.com\/Clasico\/biografia\/","url":"https:\/\/javierllanesguitar.com\/Clasico\/biografia\/","name":"Biograf\u00eda - Javier Llanes - Guitarrista","isPartOf":{"@id":"https:\/\/javierllanesguitar.com\/Clasico\/#website"},"datePublished":"2014-02-11T17:27:30+00:00","dateModified":"2026-02-03T16:34:59+00:00","breadcrumb":{"@id":"https:\/\/javierllanesguitar.com\/Clasico\/biografia\/#breadcrumb"},"inLanguage":"es","potentialAction":[{"@type":"ReadAction","target":["https:\/\/javierllanesguitar.com\/Clasico\/biografia\/"]}]},{"@type":"BreadcrumbList","@id":"https:\/\/javierllanesguitar.com\/Clasico\/biografia\/#breadcrumb","itemListElement":[{"@type":"ListItem","position":1,"name":"Portada","item":"https:\/\/javierllanesguitar.com\/Clasico\/"},{"@type":"ListItem","position":2,"name":"Biograf\u00eda"}]},{"@type":"WebSite","@id":"https:\/\/javierllanesguitar.com\/Clasico\/#website","url":"https:\/\/javierllanesguitar.com\/Clasico\/","name":"Javier Llanes - Guitarrista","description":"Javier Llanes - Guitarrista","potentialAction":[{"@type":"SearchAction","target":{"@type":"EntryPoint","urlTemplate":"https:\/\/javierllanesguitar.com\/Clasico\/?s={search_term_string}"},"query-input":{"@type":"PropertyValueSpecification","valueRequired":true,"valueName":"search_term_string"}}],"inLanguage":"es"}]}},"_links":{"self":[{"href":"https:\/\/javierllanesguitar.com\/Clasico\/wp-json\/wp\/v2\/pages\/304","targetHints":{"allow":["GET"]}}],"collection":[{"href":"https:\/\/javierllanesguitar.com\/Clasico\/wp-json\/wp\/v2\/pages"}],"about":[{"href":"https:\/\/javierllanesguitar.com\/Clasico\/wp-json\/wp\/v2\/types\/page"}],"author":[{"embeddable":true,"href":"https:\/\/javierllanesguitar.com\/Clasico\/wp-json\/wp\/v2\/users\/1"}],"replies":[{"embeddable":true,"href":"https:\/\/javierllanesguitar.com\/Clasico\/wp-json\/wp\/v2\/comments?post=304"}],"version-history":[{"count":49,"href":"https:\/\/javierllanesguitar.com\/Clasico\/wp-json\/wp\/v2\/pages\/304\/revisions"}],"predecessor-version":[{"id":2856,"href":"https:\/\/javierllanesguitar.com\/Clasico\/wp-json\/wp\/v2\/pages\/304\/revisions\/2856"}],"wp:attachment":[{"href":"https:\/\/javierllanesguitar.com\/Clasico\/wp-json\/wp\/v2\/media?parent=304"}],"curies":[{"name":"wp","href":"https:\/\/api.w.org\/{rel}","templated":true}]}}